{"id":1195,"date":"2013-04-05T16:38:18","date_gmt":"2013-04-05T16:38:18","guid":{"rendered":"http:\/\/www.kriesi.at\/themes\/enfold\/?page_id=1195"},"modified":"2020-11-25T15:12:07","modified_gmt":"2020-11-25T14:12:07","slug":"ueber-uns","status":"publish","type":"page","link":"https:\/\/meierei-grube.de\/?page_id=1195","title":{"rendered":"\u00dcber uns"},"content":{"rendered":"<div class=\"flex_column av_one_full  flex_column_div av-zero-column-padding first  \" style='border-radius:0px; '><p><div style='padding-bottom:10px;' class='av-special-heading av-special-heading-h3 meta-heading    '><h3 class='av-special-heading-tag '  itemprop=\"headline\"  >Willkommen in der Meierei Grube<\/h3><div class='special-heading-border'><div class='special-heading-inner-border' ><\/div><\/div><\/div><br \/>\n<section class=\"av_textblock_section \"  itemscope=\"itemscope\" itemtype=\"https:\/\/schema.org\/CreativeWork\" ><div class='avia_textblock  '   itemprop=\"text\" ><div class=\"wrapper\">\n<div class=\"content\">\n<div class=\"fullwidth\">\n<section class=\"articles eventLocation\">\n<h3>\u00dcber uns<\/h3>\n<p>Der Grundstein f\u00fcr die MEIEREI GRUBE wurde\u00a0in\u00a0den 60\u2032er Jahren auf einem 17.000qm gro\u00dfen Industriegel\u00e4nde gelegt. Hergestellt wurden Milch- und Sahneerzeugnisse, K\u00e4se und Joghurt. 1995 wurde die Produktion eingestellt, die Meierei\u00a0saniert\u00a0und das legend\u00e4re AMIGO wurde in den Loft \u00e4hnlichen R\u00e4umlichkeiten er\u00f6ffnet. Erstmals erf\u00fcllte Musik die MEIEREI GRUBE.<\/p>\n<\/section>\n<p>Nachdem das AMIGO nach vielen erfolgreichen Jahren seine Toren schloss, wurde die MEIEREI GRUBE ein weiteres Mal durch Christine und Geert Koring aufw\u00e4ndig renoviert und es entstand eine einmalige\u00a0EVENTLOCATION.<\/p>\n<p style=\"text-align: center;\">Exklusivit\u00e4t trifft auf industriellen Loftcharme.<\/p>\n<p>\u00a0Auf ca. 700 qm Nutzfl\u00e4che stehen heute Tanzfl\u00e4chen, Tresen, Live-B\u00fchne, Lounge- und Cateringbereiche zur Verf\u00fcgung, sodass wirklich jeder Gast sein pers\u00f6nliches Lieblingsrefugium findet. Unterschiedlichste Musikstilrichtungen werden je nach Event und Feier geboten; Charts, House, Rock, Schlager, Livebands und nat\u00fcrlich das beste aus den 70er, 80er und 90ern.<\/p>\n<p style=\"text-align: center;\">Alle Klangwelten sind in der MEIEREI GRUBE\u00a0zu Hause.<\/p>\n<\/div>\n<\/div>\n<\/div>\n<h4><\/h4>\n<\/div><\/section><br \/>\n<div class='avia-image-container  av-styling- av-hover-grow   avia-align-center '  itemprop=\"ImageObject\" itemscope=\"itemscope\" itemtype=\"https:\/\/schema.org\/ImageObject\"  ><div class='avia-image-container-inner'><img class='avia_image ' src='https:\/\/meierei-grube.de\/wp-content\/uploads\/2013\/04\/Location-Floorplan-neu-845x684.jpg' alt='' title='Grundriss'   itemprop=\"thumbnailUrl\"  \/><\/div><\/div><\/p><\/div><\/div><\/div><\/div><!-- close content main div --><\/div><\/div><div id='av_section_1' class='avia-section alternate_color avia-section-large avia-shadow avia-bg-style-scroll   container_wrap sidebar_right'   ><div class='container' ><div class='template-page content  av-content-small alpha units'><div class='post-entry post-entry-type-page post-entry-1195'><div class='entry-content-wrapper clearfix'>\n<section class=\"av_textblock_section \"  itemscope=\"itemscope\" itemtype=\"https:\/\/schema.org\/CreativeWork\" ><div class='avia_textblock  '   itemprop=\"text\" ><h2 style=\"text-align: center;\">Was Kunden \u00fcber uns sagen<\/h2>\n<\/div><\/section>\n<div  class='hr hr-short hr-center  '><span class='hr-inner ' ><span class='hr-inner-style'><\/span><\/span><\/div>\n<div  data-autoplay='1'  data-interval='5'  data-animation='fade'  data-hoverpause='1'  class='avia-testimonial-wrapper avia-grid-testimonials avia-grid-2-testimonials avia_animate_when_almost_visible   '>\n<section class ='avia-testimonial-row'><div class='avia-testimonial av_one_half flex_column no_margin avia-testimonial-row-1 avia-first-testimonial'  itemscope=\"itemscope\" itemtype=\"https:\/\/schema.org\/Person\" ><div class='avia-testimonial_inner'><div class='avia-testimonial-image'  itemprop=\"image\" ><img width=\"180\" height=\"180\" src=\"https:\/\/meierei-grube.de\/wp-content\/uploads\/2016\/02\/Hintergrund-meierei-1-180x180.jpg\" class=\"attachment-square size-square\" alt=\"Hans Peter Grunwald\" loading=\"lazy\" srcset=\"https:\/\/meierei-grube.de\/wp-content\/uploads\/2016\/02\/Hintergrund-meierei-1-180x180.jpg 180w, https:\/\/meierei-grube.de\/wp-content\/uploads\/2016\/02\/Hintergrund-meierei-1-80x80.jpg 80w, https:\/\/meierei-grube.de\/wp-content\/uploads\/2016\/02\/Hintergrund-meierei-1-36x36.jpg 36w, https:\/\/meierei-grube.de\/wp-content\/uploads\/2016\/02\/Hintergrund-meierei-1-120x120.jpg 120w, https:\/\/meierei-grube.de\/wp-content\/uploads\/2016\/02\/Hintergrund-meierei-1-450x450.jpg 450w\" sizes=\"(max-width: 180px) 100vw, 180px\" \/><\/div><div class='avia-testimonial-content '    itemscope=\"itemscope\" itemtype=\"https:\/\/schema.org\/CreativeWork\" ><p>Klasse Location f\u00fcr Firmenfeiern !<\/p>\n<\/div><div class='avia-testimonial-meta'><div class='avia-testimonial-arrow-wrap'><div class='avia-arrow'><\/div><\/div><div class='avia-testimonial-meta-mini'><strong  class='avia-testimonial-name'    itemprop=\"name\" >Hans Peter Grunwald<\/strong><span  class='avia-testimonial-subtitle '    itemprop=\"jobTitle\" >Kunde<\/span><\/div><\/div><\/div><\/div>\n<div class='avia-testimonial av_one_half flex_column no_margin avia-testimonial-row-1 avia-last-testimonial'  itemscope=\"itemscope\" itemtype=\"https:\/\/schema.org\/Person\" ><div class='avia-testimonial_inner'><div class='avia-testimonial-image'  itemprop=\"image\" ><img width=\"180\" height=\"180\" src=\"https:\/\/meierei-grube.de\/wp-content\/uploads\/2016\/02\/Hintergrund-meierei-1-180x180.jpg\" class=\"attachment-square size-square\" alt=\"Anna Vandana\" loading=\"lazy\" srcset=\"https:\/\/meierei-grube.de\/wp-content\/uploads\/2016\/02\/Hintergrund-meierei-1-180x180.jpg 180w, https:\/\/meierei-grube.de\/wp-content\/uploads\/2016\/02\/Hintergrund-meierei-1-80x80.jpg 80w, https:\/\/meierei-grube.de\/wp-content\/uploads\/2016\/02\/Hintergrund-meierei-1-36x36.jpg 36w, https:\/\/meierei-grube.de\/wp-content\/uploads\/2016\/02\/Hintergrund-meierei-1-120x120.jpg 120w, https:\/\/meierei-grube.de\/wp-content\/uploads\/2016\/02\/Hintergrund-meierei-1-450x450.jpg 450w\" sizes=\"(max-width: 180px) 100vw, 180px\" \/><\/div><div class='avia-testimonial-content '    itemscope=\"itemscope\" itemtype=\"https:\/\/schema.org\/CreativeWork\" ><p>Wir feierten unsere Goldene Hochzeit in der Meierei und waren sehr zufrieden. \ud83d\ude42<\/p>\n<\/div><div class='avia-testimonial-meta'><div class='avia-testimonial-arrow-wrap'><div class='avia-arrow'><\/div><\/div><div class='avia-testimonial-meta-mini'><strong  class='avia-testimonial-name'    itemprop=\"name\" >Anna Vandana<\/strong><span  class='avia-testimonial-subtitle '    itemprop=\"jobTitle\" >Kundin<\/span><\/div><\/div><\/div><\/div><\/section>\n<section class ='avia-testimonial-row'><div class='avia-testimonial av_one_half flex_column no_margin avia-testimonial-row-2 avia-first-testimonial'  itemscope=\"itemscope\" itemtype=\"https:\/\/schema.org\/Person\" ><div class='avia-testimonial_inner'><div class='avia-testimonial-image'  itemprop=\"image\" ><img width=\"180\" height=\"180\" src=\"https:\/\/meierei-grube.de\/wp-content\/uploads\/2016\/02\/Hintergrund-meierei-1-180x180.jpg\" class=\"attachment-square size-square\" alt=\"Manfred Zimmermann\" loading=\"lazy\" srcset=\"https:\/\/meierei-grube.de\/wp-content\/uploads\/2016\/02\/Hintergrund-meierei-1-180x180.jpg 180w, https:\/\/meierei-grube.de\/wp-content\/uploads\/2016\/02\/Hintergrund-meierei-1-80x80.jpg 80w, https:\/\/meierei-grube.de\/wp-content\/uploads\/2016\/02\/Hintergrund-meierei-1-36x36.jpg 36w, https:\/\/meierei-grube.de\/wp-content\/uploads\/2016\/02\/Hintergrund-meierei-1-120x120.jpg 120w, https:\/\/meierei-grube.de\/wp-content\/uploads\/2016\/02\/Hintergrund-meierei-1-450x450.jpg 450w\" sizes=\"(max-width: 180px) 100vw, 180px\" \/><\/div><div class='avia-testimonial-content '    itemscope=\"itemscope\" itemtype=\"https:\/\/schema.org\/CreativeWork\" ><p>Vielen Dank an das Team der Meierei Grube!<\/p>\n<\/div><div class='avia-testimonial-meta'><div class='avia-testimonial-arrow-wrap'><div class='avia-arrow'><\/div><\/div><div class='avia-testimonial-meta-mini'><strong  class='avia-testimonial-name'    itemprop=\"name\" >Manfred Zimmermann<\/strong><span  class='avia-testimonial-subtitle '    itemprop=\"jobTitle\" >Kunde<\/span><\/div><\/div><\/div><\/div>\n<div class='avia-testimonial av_one_half flex_column no_margin avia-testimonial-row-2 avia-last-testimonial'  itemscope=\"itemscope\" itemtype=\"https:\/\/schema.org\/Person\" ><div class='avia-testimonial_inner'><div class='avia-testimonial-image'  itemprop=\"image\" ><img width=\"180\" height=\"180\" src=\"https:\/\/meierei-grube.de\/wp-content\/uploads\/2016\/02\/Hintergrund-meierei-180x180.jpg\" class=\"attachment-square size-square\" alt=\"Christian Jensen\" loading=\"lazy\" srcset=\"https:\/\/meierei-grube.de\/wp-content\/uploads\/2016\/02\/Hintergrund-meierei-180x180.jpg 180w, https:\/\/meierei-grube.de\/wp-content\/uploads\/2016\/02\/Hintergrund-meierei-80x80.jpg 80w, https:\/\/meierei-grube.de\/wp-content\/uploads\/2016\/02\/Hintergrund-meierei-36x36.jpg 36w, https:\/\/meierei-grube.de\/wp-content\/uploads\/2016\/02\/Hintergrund-meierei-120x120.jpg 120w, https:\/\/meierei-grube.de\/wp-content\/uploads\/2016\/02\/Hintergrund-meierei-450x450.jpg 450w\" sizes=\"(max-width: 180px) 100vw, 180px\" \/><\/div><div class='avia-testimonial-content '    itemscope=\"itemscope\" itemtype=\"https:\/\/schema.org\/CreativeWork\" ><p>Ich feierte meinen Geburtstag bei Euch und war total zufrieden!<\/p>\n<\/div><div class='avia-testimonial-meta'><div class='avia-testimonial-arrow-wrap'><div class='avia-arrow'><\/div><\/div><div class='avia-testimonial-meta-mini'><strong  class='avia-testimonial-name'    itemprop=\"name\" >Christian Jensen<\/strong><span  class='avia-testimonial-subtitle '    itemprop=\"jobTitle\" >Kunde<\/span><\/div><\/div><\/div><\/div><\/section>\n<\/div>\n<\/div><\/div><\/div><!-- close content main div --><\/div><\/div><div id='after_section_1' class='main_color av_default_container_wrap container_wrap sidebar_right'   ><div class='container' ><div class='template-page content  av-content-small alpha units'><div class='post-entry post-entry-type-page post-entry-1195'><div class='entry-content-wrapper clearfix'><\/p>\n","protected":false},"excerpt":{"rendered":"","protected":false},"author":2,"featured_media":0,"parent":0,"menu_order":0,"comment_status":"open","ping_status":"open","template":"","meta":[],"_links":{"self":[{"href":"https:\/\/meierei-grube.de\/index.php?rest_route=\/wp\/v2\/pages\/1195"}],"collection":[{"href":"https:\/\/meierei-grube.de\/index.php?rest_route=\/wp\/v2\/pages"}],"about":[{"href":"https:\/\/meierei-grube.de\/index.php?rest_route=\/wp\/v2\/types\/page"}],"author":[{"embeddable":true,"href":"https:\/\/meierei-grube.de\/index.php?rest_route=\/wp\/v2\/users\/2"}],"replies":[{"embeddable":true,"href":"https:\/\/meierei-grube.de\/index.php?rest_route=%2Fwp%2Fv2%2Fcomments&post=1195"}],"version-history":[{"count":17,"href":"https:\/\/meierei-grube.de\/index.php?rest_route=\/wp\/v2\/pages\/1195\/revisions"}],"predecessor-version":[{"id":3620,"href":"https:\/\/meierei-grube.de\/index.php?rest_route=\/wp\/v2\/pages\/1195\/revisions\/3620"}],"wp:attachment":[{"href":"https:\/\/meierei-grube.de\/index.php?rest_route=%2Fwp%2Fv2%2Fmedia&parent=1195"}],"curies":[{"name":"wp","href":"https:\/\/api.w.org\/{rel}","templated":true}]}}