{"id":23,"date":"2016-02-09T11:23:42","date_gmt":"2016-02-09T11:23:42","guid":{"rendered":"http:\/\/localhost:8888\/meierei_de\/?page_id=23"},"modified":"2016-02-15T16:22:47","modified_gmt":"2016-02-15T16:22:47","slug":"privatfeiern","status":"publish","type":"page","link":"https:\/\/meierei-grube.de\/?page_id=23","title":{"rendered":"Privatfeiern"},"content":{"rendered":"<div id='layer_slider_1' class='avia-layerslider main_color avia-shadow  container_wrap sidebar_right'    style='height: 151px;' ><\/div>\n<\/div><\/div><\/div><!-- close content main div --><\/div><\/div><div id='av_section_1' class='avia-section main_color avia-section-default avia-no-shadow avia-bg-style-scroll   container_wrap sidebar_right'   ><div class='container' ><div class='template-page content  av-content-small alpha units'><div class='post-entry post-entry-type-page post-entry-23'><div class='entry-content-wrapper clearfix'>\n<div class=\"flex_column av_one_third  flex_column_div first  \" ><p><div  data-size='medium'  data-lightbox_size='large'  data-animation='slide'  data-ids='3424'  data-video_counter='0'  data-autoplay='false'  data-bg_slider='false'  data-slide_height=''  data-handle='av_slideshow'  data-interval='5'  data-class='  avia-small-width-slider avia-super-small-width-slider'  data-css_id=''  data-scroll_down=''  data-control_layout=''  data-custom_markup=''  data-perma_caption=''  data-autoplay_stopper=''  data-image_attachment=''  data-min_height='0px'  class='avia-slideshow avia-slideshow-1  av-default-height-applied avia-slideshow-medium av_slideshow   avia-small-width-slider avia-super-small-width-slider avia-slide-slider '  itemprop=\"ImageObject\" itemscope=\"itemscope\" itemtype=\"https:\/\/schema.org\/ImageObject\" ><ul class='avia-slideshow-inner' style='padding-bottom: 66.666666666667%;'><li  class=' av-single-slide slide-1 ' ><div data-rel='slideshow-1' class='avia-slide-wrap'  ><img src='https:\/\/meierei-grube.de\/wp-content\/uploads\/2016\/02\/shutterstock_346714985-300x200.jpg' width='300' height='200' title='shutterstock_346714985' alt=''  itemprop=\"thumbnailUrl\"   \/><\/div><\/li><\/ul><\/div><br \/>\n<section class=\"av_textblock_section \"  itemscope=\"itemscope\" itemtype=\"https:\/\/schema.org\/CreativeWork\" ><div class='avia_textblock  '   itemprop=\"text\" ><p><strong>Exklusivanmietung f\u00fcr Privatfeiern:<\/strong><\/p>\n<p>Sie sind auf der Suche nach einer R\u00e4umlichkeit f\u00fcr Ihre Feier? Feiern Sie in der perfekten Atmosph\u00e4re, die genauso\u00a0einmalig ist wie Ihr Anlass. Wir schenken Ihnen ganz besondere Lieblingsmomente im sch\u00f6nen Grube an der\u00a0ostholsteinischen K\u00fcste. Ob Hochzeit, Geburtstag oder Konfirmation. Unser Event-Team ber\u00e4t Sie individuell.<\/p>\n<\/div><\/section><\/p><\/div><div class=\"flex_column av_one_third  flex_column_div av-zero-column-padding   \" style='border-radius:0px; '><p><div  data-size='medium'  data-lightbox_size='large'  data-animation='slide'  data-ids='3423'  data-video_counter='0'  data-autoplay='false'  data-bg_slider='false'  data-slide_height=''  data-handle='av_slideshow'  data-interval='5'  data-class='  avia-small-width-slider avia-super-small-width-slider'  data-css_id=''  data-scroll_down=''  data-control_layout=''  data-custom_markup=''  data-perma_caption=''  data-autoplay_stopper=''  data-image_attachment=''  data-min_height='0px'  class='avia-slideshow avia-slideshow-2  av-default-height-applied avia-slideshow-medium av_slideshow   avia-small-width-slider avia-super-small-width-slider avia-slide-slider '  itemprop=\"ImageObject\" itemscope=\"itemscope\" itemtype=\"https:\/\/schema.org\/ImageObject\" ><ul class='avia-slideshow-inner' style='padding-bottom: 66.666666666667%;'><li  class=' av-single-slide slide-1 ' ><div data-rel='slideshow-2' class='avia-slide-wrap'  ><img src='https:\/\/meierei-grube.de\/wp-content\/uploads\/2016\/02\/shutterstock_230374891-300x200.jpg' width='300' height='200' title='shutterstock_230374891' alt=''  itemprop=\"thumbnailUrl\"   \/><\/div><\/li><\/ul><\/div><br \/>\n<section class=\"av_textblock_section \"  itemscope=\"itemscope\" itemtype=\"https:\/\/schema.org\/CreativeWork\" ><div class='avia_textblock  '   itemprop=\"text\" ><p><strong>Unser Service &#8211; Ihr Genuss:<\/strong><\/p>\n<p>Unser hoch motiviertes K\u00fcchenteam vor Ort und unsere individuelle Beratung machen Ihre Veranstaltung auch\u00a0kulinarisch perfekt \u2013 mit kreativen und variationsreichen Buffets je nach Vorliebe. Unsere individuelle Beratung\u00a0durch unseren Barkeeper sowie eine gro\u00dfe Auswahl an Getr\u00e4nken garantieren den Erfolg Ihrer Veranstaltung.\u00a0Sprechen Sie uns gerne an!<\/p>\n<\/div><\/section><\/p><\/div><div class=\"flex_column av_one_third  flex_column_div av-zero-column-padding   \" style='border-radius:0px; '><p><div  data-size='medium'  data-lightbox_size='large'  data-animation='slide'  data-ids='3422'  data-video_counter='0'  data-autoplay='false'  data-bg_slider='false'  data-slide_height=''  data-handle='av_slideshow'  data-interval='5'  data-class='  avia-small-width-slider avia-super-small-width-slider'  data-css_id=''  data-scroll_down=''  data-control_layout=''  data-custom_markup=''  data-perma_caption=''  data-autoplay_stopper=''  data-image_attachment=''  data-min_height='0px'  class='avia-slideshow avia-slideshow-3  av-default-height-applied avia-slideshow-medium av_slideshow   avia-small-width-slider avia-super-small-width-slider avia-slide-slider '  itemprop=\"ImageObject\" itemscope=\"itemscope\" itemtype=\"https:\/\/schema.org\/ImageObject\" ><ul class='avia-slideshow-inner' style='padding-bottom: 66.666666666667%;'><li  class=' av-single-slide slide-1 ' ><div data-rel='slideshow-3' class='avia-slide-wrap'  ><img src='https:\/\/meierei-grube.de\/wp-content\/uploads\/2016\/02\/shutterstock_339475055-2-300x200.jpg' width='300' height='200' title='shutterstock_339475055-2' alt=''  itemprop=\"thumbnailUrl\"   \/><\/div><\/li><\/ul><\/div><br \/>\n<section class=\"av_textblock_section \"  itemscope=\"itemscope\" itemtype=\"https:\/\/schema.org\/CreativeWork\" ><div class='avia_textblock  '   itemprop=\"text\" ><p><strong>Wir stehen Ihnen zur Seite:<\/strong><\/p>\n<p>Wir stehen Ihnen bei der Konzeption, Planung und Realisierung zur Seite! Gerne stehen wir Ihnen f\u00fcr mehr Informationen und Reservierungen zur Verf\u00fcgung!\u00a0Gerne stehen wir Ihnen f\u00fcr mehr Informationen und Reservierungen telefonisch unter 0171\/4165798 oder\u00a0per E-Mail an Meierei.Grube@gmail.com zur Verf\u00fcgung.<\/p>\n<\/div><\/section><\/p><\/div><\/div><\/div><\/div><!-- close content main div --><\/div><\/div><div id='after_section_1' class='main_color av_default_container_wrap container_wrap sidebar_right'   ><div class='container' ><div class='template-page content  av-content-small alpha units'><div class='post-entry post-entry-type-page post-entry-23'><div class='entry-content-wrapper clearfix'><div class=\"flex_column av_one_half  flex_column_div first  \" ><p><div style='padding-bottom:10px;' class='av-special-heading av-special-heading-h3 meta-heading    '><h3 class='av-special-heading-tag '  itemprop=\"headline\"  >Gallerie<\/h3><div class='special-heading-border'><div class='special-heading-inner-border' ><\/div><\/div><\/div><br \/>\n<div class='avia-image-container  av-styling-    avia-align-center '  itemprop=\"ImageObject\" itemscope=\"itemscope\" itemtype=\"https:\/\/schema.org\/ImageObject\"  ><div class='avia-image-container-inner'><img class='avia_image ' src='https:\/\/meierei-grube.de\/wp-content\/uploads\/2016\/02\/Hintergrund-meierei-1-300x200.jpg' alt='' title='Hintergrund-meierei'   itemprop=\"thumbnailUrl\"  \/><\/div><\/div><br \/>\n<section class=\"av_textblock_section \"  itemscope=\"itemscope\" itemtype=\"https:\/\/schema.org\/CreativeWork\" ><div class='avia_textblock  '   itemprop=\"text\" ><p>Wir passen uns Ihren W\u00fcnschen an!<\/p>\n<h4><\/h4>\n<\/div><\/section><br \/>\n<div style='padding-bottom:10px;' class='av-special-heading av-special-heading-h3 meta-heading    '><h3 class='av-special-heading-tag '  itemprop=\"headline\"  >Anfragen:<\/h3><div class='special-heading-border'><div class='special-heading-inner-border' ><\/div><\/div><\/div><br \/>\n<section class=\"av_textblock_section \"  itemscope=\"itemscope\" itemtype=\"https:\/\/schema.org\/CreativeWork\" ><div class='avia_textblock  '   itemprop=\"text\" ><p>Falls Sie Interesse an unserer Location haben sollten, erstellen wir Ihnen gerne ein unverbindliches Angebot.<\/p>\n<h4><\/h4>\n<\/div><\/section><br \/>\n<div style='padding-bottom:15px;' class='av-special-heading av-special-heading-h3 meta-heading    '><h3 class='av-special-heading-tag '  itemprop=\"headline\"  >H\u00e4ufigste Events:<\/h3><div class='special-heading-border'><div class='special-heading-inner-border' ><\/div><\/div><\/div><br \/>\n<div class='avia-progress-bar-container  avia_animate_when_almost_visible  av-striped-bar av-animated-bar '><div class='avia-progress-bar grey-bar icon-bar-no'><div class='progressbar-title-wrap'><div class='progressbar-icon'><span class='progressbar-char' aria-hidden='true' data-av_icon='\ue856' data-av_iconfont='entypo-fontello'><\/span><\/div><div class='progressbar-title'>Geburtstage<\/div><\/div><div class='progress' ><div class='bar-outer'><div class='bar' style='width: 30%' data-progress='30'><\/div><\/div><\/div><\/div><div class='avia-progress-bar red-bar icon-bar-no'><div class='progressbar-title-wrap'><div class='progressbar-icon'><span class='progressbar-char' aria-hidden='true' data-av_icon='\ue800' data-av_iconfont='entypo-fontello'><\/span><\/div><div class='progressbar-title'>Hochzeiten<\/div><\/div><div class='progress' ><div class='bar-outer'><div class='bar' style='width: 40%' data-progress='40'><\/div><\/div><\/div><\/div><div class='avia-progress-bar red-bar icon-bar-no'><div class='progressbar-title-wrap'><div class='progressbar-icon'><span class='progressbar-char' aria-hidden='true' data-av_icon='\ue800' data-av_iconfont='entypo-fontello'><\/span><\/div><div class='progressbar-title'>Allgemeine Feiern<\/div><\/div><div class='progress' ><div class='bar-outer'><div class='bar' style='width: 20%' data-progress='20'><\/div><\/div><\/div><\/div><div class='avia-progress-bar grey-bar icon-bar-no'><div class='progressbar-title-wrap'><div class='progressbar-icon'><span class='progressbar-char' aria-hidden='true' data-av_icon='\ue800' data-av_iconfont='entypo-fontello'><\/span><\/div><div class='progressbar-title'>Abib\u00e4lle<\/div><\/div><div class='progress' ><div class='bar-outer'><div class='bar' style='width: 10%' data-progress='10'><\/div><\/div><\/div><\/div><\/div><\/p><\/div><\/p>\n<div class=\"flex_column av_one_half  flex_column_div av-zero-column-padding   \" style='border-radius:0px; '><p><div style='padding-bottom:10px;' class='av-special-heading av-special-heading-h3 meta-heading   '><h3 class='av-special-heading-tag '  itemprop=\"headline\"  >Unsere Leistungen:<\/h3><div class='special-heading-border'><div class='special-heading-inner-border' ><\/div><\/div><\/div><br \/>\n<div class='avia-icon-list-container  '><ul class='avia-icon-list avia-icon-list-left av-iconlist-big avia_animate_when_almost_visible'>\n<li><div  class='iconlist_icon  avia-font-entypo-fontello'><span class='iconlist-char ' aria-hidden='true' data-av_icon='\ue80b' data-av_iconfont='entypo-fontello'><\/span><\/div><article class=\"article-icon-entry \"  itemscope=\"itemscope\" itemtype=\"https:\/\/schema.org\/CreativeWork\" ><div class='iconlist_content_wrap'><header class=\"entry-content-header\"><h4 class='av_iconlist_title iconlist_title  '  itemprop=\"headline\"  >Beratung:<\/h4><\/header><div class='iconlist_content  '  itemprop=\"text\"  ><p>Gerne stehen wir Ihnen bei der Planung ihrer Firmenevents zur Seite.<\/p>\n<\/div><\/div><footer class=\"entry-footer\"><\/footer><\/article><div class='iconlist-timeline'><\/div><\/li>\n<li><div  class='iconlist_icon  avia-font-entypo-fontello'><span class='iconlist-char ' aria-hidden='true' data-av_icon='\ue809' data-av_iconfont='entypo-fontello'><\/span><\/div><article class=\"article-icon-entry \"  itemscope=\"itemscope\" itemtype=\"https:\/\/schema.org\/CreativeWork\" ><div class='iconlist_content_wrap'><header class=\"entry-content-header\"><h4 class='av_iconlist_title iconlist_title  '  itemprop=\"headline\"  >Gestaltung:<\/h4><\/header><div class='iconlist_content  '  itemprop=\"text\"  ><p>Sie ben\u00f6tigen Dekoration und Werbematerial ? Kein Problem &#8211; auch hier haben wir passende M\u00f6glichkeiten f\u00fcr Sie.<\/p>\n<\/div><\/div><footer class=\"entry-footer\"><\/footer><\/article><div class='iconlist-timeline'><\/div><\/li>\n<li><div  class='iconlist_icon  avia-font-entypo-fontello'><span class='iconlist-char ' aria-hidden='true' data-av_icon='\ue859' data-av_iconfont='entypo-fontello'><\/span><\/div><article class=\"article-icon-entry \"  itemscope=\"itemscope\" itemtype=\"https:\/\/schema.org\/CreativeWork\" ><div class='iconlist_content_wrap'><header class=\"entry-content-header\"><h4 class='av_iconlist_title iconlist_title  '  itemprop=\"headline\"  >Catering:<\/h4><\/header><div class='iconlist_content  '  itemprop=\"text\"  ><p>Mit einer professionellen Cateringmanufaktur vor Ort, hinterlassen Sie einen besonderen\u00a0Geschmack!<\/p>\n<\/div><\/div><footer class=\"entry-footer\"><\/footer><\/article><div class='iconlist-timeline'><\/div><\/li>\n<li><div  class='iconlist_icon  avia-font-entypo-fontello'><span class='iconlist-char ' aria-hidden='true' data-av_icon='\ue801' data-av_iconfont='entypo-fontello'><\/span><\/div><article class=\"article-icon-entry \"  itemscope=\"itemscope\" itemtype=\"https:\/\/schema.org\/CreativeWork\" ><div class='iconlist_content_wrap'><header class=\"entry-content-header\"><h4 class='av_iconlist_title iconlist_title  '  itemprop=\"headline\"  >Musikanlagen:<\/h4><\/header><div class='iconlist_content  '  itemprop=\"text\"  ><p>Wir stellen Ihnen unsere kompletten Musikanlagen zur Verf\u00fcgung!<\/p>\n<\/div><\/div><footer class=\"entry-footer\"><\/footer><\/article><div class='iconlist-timeline'><\/div><\/li>\n<li><div  class='iconlist_icon  avia-font-entypo-fontello'><span class='iconlist-char ' aria-hidden='true' data-av_icon='\ue804' data-av_iconfont='entypo-fontello'><\/span><\/div><article class=\"article-icon-entry \"  itemscope=\"itemscope\" itemtype=\"https:\/\/schema.org\/CreativeWork\" ><div class='iconlist_content_wrap'><header class=\"entry-content-header\"><h4 class='av_iconlist_title iconlist_title  '  itemprop=\"headline\"  >Lichttechnik:<\/h4><\/header><div class='iconlist_content  '  itemprop=\"text\"  ><p>Wir stellen Ihnen alle ben\u00f6tigten Licht und Veranstaltungstechnischen Dinge zur Verf\u00fcgung!<\/p>\n<\/div><\/div><footer class=\"entry-footer\"><\/footer><\/article><div class='iconlist-timeline'><\/div><\/li>\n<\/ul><\/div><\/p><\/div>\n","protected":false},"excerpt":{"rendered":"","protected":false},"author":2,"featured_media":0,"parent":0,"menu_order":0,"comment_status":"closed","ping_status":"closed","template":"","meta":[],"_links":{"self":[{"href":"https:\/\/meierei-grube.de\/index.php?rest_route=\/wp\/v2\/pages\/23"}],"collection":[{"href":"https:\/\/meierei-grube.de\/index.php?rest_route=\/wp\/v2\/pages"}],"about":[{"href":"https:\/\/meierei-grube.de\/index.php?rest_route=\/wp\/v2\/types\/page"}],"author":[{"embeddable":true,"href":"https:\/\/meierei-grube.de\/index.php?rest_route=\/wp\/v2\/users\/2"}],"replies":[{"embeddable":true,"href":"https:\/\/meierei-grube.de\/index.php?rest_route=%2Fwp%2Fv2%2Fcomments&post=23"}],"version-history":[{"count":6,"href":"https:\/\/meierei-grube.de\/index.php?rest_route=\/wp\/v2\/pages\/23\/revisions"}],"predecessor-version":[{"id":3426,"href":"https:\/\/meierei-grube.de\/index.php?rest_route=\/wp\/v2\/pages\/23\/revisions\/3426"}],"wp:attachment":[{"href":"https:\/\/meierei-grube.de\/index.php?rest_route=%2Fwp%2Fv2%2Fmedia&parent=23"}],"curies":[{"name":"wp","href":"https:\/\/api.w.org\/{rel}","templated":true}]}}