{"id":734,"date":"2013-04-01T15:37:54","date_gmt":"2013-04-01T15:37:54","guid":{"rendered":"http:\/\/www.kriesi.at\/themes\/enfold\/?page_id=734"},"modified":"2016-03-16T11:17:16","modified_gmt":"2016-03-16T11:17:16","slug":"homepage","status":"publish","type":"page","link":"https:\/\/meierei-grube.de\/","title":{"rendered":"Homepage"},"content":{"rendered":"<div id='layer_slider_1' class='avia-layerslider main_color avia-shadow  container_wrap sidebar_right'    style='height: 471px;' ><\/div>\n<\/div><\/div><\/div><!-- close content main div --><\/div><\/div><div id='av_section_1' class='avia-section main_color avia-section-large avia-no-shadow avia-bg-style-scroll   container_wrap sidebar_right'   ><div class='container' ><div class='template-page content  av-content-small alpha units'><div class='post-entry post-entry-type-page post-entry-734'><div class='entry-content-wrapper clearfix'>\n<div class=\"flex_column av_one_half  flex_column_div first  \" ><div class='avia-gallery  avia-gallery-1 deactivate_avia_lazyload avia_animate_when_visible '  itemprop=\"ImageObject\" itemscope=\"itemscope\" itemtype=\"https:\/\/schema.org\/ImageObject\" ><a class='avia-gallery-big fakeLightbox lightbox avia-gallery-big-crop-thumb ' href='https:\/\/meierei-grube.de\/wp-content\/uploads\/2013\/04\/shutterstock_378851761.jpg'  data-onclick='1' title='' ><span class='avia-gallery-big-inner'  itemprop=\"thumbnailUrl\" >\t<img width='495' height='400' src='https:\/\/meierei-grube.de\/wp-content\/uploads\/2013\/04\/shutterstock_378851761-495x400.jpg' title='shutterstock_378851761' alt='' \/><\/span><\/a><div class='avia-gallery-thumb'> <a href='https:\/\/meierei-grube.de\/wp-content\/uploads\/2013\/04\/shutterstock_378851761.jpg' data-rel='gallery-1' data-prev-img='https:\/\/meierei-grube.de\/wp-content\/uploads\/2013\/04\/shutterstock_378851761-495x400.jpg' class='first_thumb lightbox ' data-onclick='1' title=''  itemprop=\"thumbnailUrl\" ><img  src='https:\/\/meierei-grube.de\/wp-content\/uploads\/2013\/04\/shutterstock_378851761-495x400.jpg' width='495' height='400'  title='shutterstock_378851761' alt='' \/><\/a> <a href='https:\/\/meierei-grube.de\/wp-content\/uploads\/2016\/02\/Unbenannt-8.jpg' data-rel='gallery-1' data-prev-img='https:\/\/meierei-grube.de\/wp-content\/uploads\/2016\/02\/Unbenannt-8-495x400.jpg' class='lightbox ' data-onclick='2' title=''  itemprop=\"thumbnailUrl\" ><img  src='https:\/\/meierei-grube.de\/wp-content\/uploads\/2016\/02\/Unbenannt-8-495x400.jpg' width='495' height='400'  title='Unbenannt-8' alt='' \/><\/a> <a href='https:\/\/meierei-grube.de\/wp-content\/uploads\/2013\/04\/shutterstock_385725355.jpg' data-rel='gallery-1' data-prev-img='https:\/\/meierei-grube.de\/wp-content\/uploads\/2013\/04\/shutterstock_385725355-495x400.jpg' class='lightbox ' data-onclick='3' title=''  itemprop=\"thumbnailUrl\" ><img  src='https:\/\/meierei-grube.de\/wp-content\/uploads\/2013\/04\/shutterstock_385725355-495x400.jpg' width='495' height='400'  title='shutterstock_385725355' alt='' \/><\/a> <a href='https:\/\/meierei-grube.de\/wp-content\/uploads\/2016\/02\/shutterstock_375037381-2.jpg' data-rel='gallery-1' data-prev-img='https:\/\/meierei-grube.de\/wp-content\/uploads\/2016\/02\/shutterstock_375037381-2-495x400.jpg' class='lightbox ' data-onclick='4' title=''  itemprop=\"thumbnailUrl\" ><img  src='https:\/\/meierei-grube.de\/wp-content\/uploads\/2016\/02\/shutterstock_375037381-2-495x400.jpg' width='495' height='400'  title='shutterstock_375037381-2' alt='' \/><\/a> <a href='https:\/\/meierei-grube.de\/wp-content\/uploads\/2016\/02\/shutterstock_346714985.jpg' data-rel='gallery-1' data-prev-img='https:\/\/meierei-grube.de\/wp-content\/uploads\/2016\/02\/shutterstock_346714985-495x400.jpg' class='first_thumb lightbox ' data-onclick='5' title=''  itemprop=\"thumbnailUrl\" ><img  src='https:\/\/meierei-grube.de\/wp-content\/uploads\/2016\/02\/shutterstock_346714985-495x400.jpg' width='495' height='400'  title='shutterstock_346714985' alt='' \/><\/a> <a href='https:\/\/meierei-grube.de\/wp-content\/uploads\/2016\/02\/Hintergrund-meierei-1-1030x687.jpg' data-rel='gallery-1' data-prev-img='https:\/\/meierei-grube.de\/wp-content\/uploads\/2016\/02\/Hintergrund-meierei-1-495x400.jpg' class='lightbox ' data-onclick='6' title=''  itemprop=\"thumbnailUrl\" ><img  src='https:\/\/meierei-grube.de\/wp-content\/uploads\/2016\/02\/Hintergrund-meierei-1-495x400.jpg' width='495' height='400'  title='Hintergrund-meierei' alt='' \/><\/a> <a href='https:\/\/meierei-grube.de\/wp-content\/uploads\/2016\/02\/shutterstock_230374891.jpg' data-rel='gallery-1' data-prev-img='https:\/\/meierei-grube.de\/wp-content\/uploads\/2016\/02\/shutterstock_230374891-495x400.jpg' class='lightbox ' data-onclick='7' title=''  itemprop=\"thumbnailUrl\" ><img  src='https:\/\/meierei-grube.de\/wp-content\/uploads\/2016\/02\/shutterstock_230374891-495x400.jpg' width='495' height='400'  title='shutterstock_230374891' alt='' \/><\/a> <a href='https:\/\/meierei-grube.de\/wp-content\/uploads\/2016\/02\/Unbenannt-5.jpg' data-rel='gallery-1' data-prev-img='https:\/\/meierei-grube.de\/wp-content\/uploads\/2016\/02\/Unbenannt-5-495x400.jpg' class='lightbox ' data-onclick='8' title=''  itemprop=\"thumbnailUrl\" ><img  src='https:\/\/meierei-grube.de\/wp-content\/uploads\/2016\/02\/Unbenannt-5-495x400.jpg' width='495' height='400'  title='Unbenannt-5' alt='' \/><\/a> <a href='https:\/\/meierei-grube.de\/wp-content\/uploads\/2016\/02\/Unbenannt-6.jpg' data-rel='gallery-1' data-prev-img='https:\/\/meierei-grube.de\/wp-content\/uploads\/2016\/02\/Unbenannt-6-495x400.jpg' class='first_thumb lightbox ' data-onclick='9' title=''  itemprop=\"thumbnailUrl\" ><img  src='https:\/\/meierei-grube.de\/wp-content\/uploads\/2016\/02\/Unbenannt-6-495x400.jpg' width='495' height='400'  title='Unbenannt-6' alt='' \/><\/a> <a href='https:\/\/meierei-grube.de\/wp-content\/uploads\/2013\/04\/shutterstock_385362124.jpg' data-rel='gallery-1' data-prev-img='https:\/\/meierei-grube.de\/wp-content\/uploads\/2013\/04\/shutterstock_385362124-495x400.jpg' class='lightbox ' data-onclick='10' title=''  itemprop=\"thumbnailUrl\" ><img  src='https:\/\/meierei-grube.de\/wp-content\/uploads\/2013\/04\/shutterstock_385362124-495x400.jpg' width='495' height='400'  title='shutterstock_385362124' alt='' \/><\/a> <a href='https:\/\/meierei-grube.de\/wp-content\/uploads\/2016\/02\/Unbenannt-3.jpg' data-rel='gallery-1' data-prev-img='https:\/\/meierei-grube.de\/wp-content\/uploads\/2016\/02\/Unbenannt-3-495x400.jpg' class='lightbox ' data-onclick='11' title=''  itemprop=\"thumbnailUrl\" ><img  src='https:\/\/meierei-grube.de\/wp-content\/uploads\/2016\/02\/Unbenannt-3-495x400.jpg' width='495' height='400'  title='Unbenannt-3' alt='' \/><\/a> <a href='https:\/\/meierei-grube.de\/wp-content\/uploads\/2016\/02\/Unbenannt-1.jpg' data-rel='gallery-1' data-prev-img='https:\/\/meierei-grube.de\/wp-content\/uploads\/2016\/02\/Unbenannt-1-495x400.jpg' class='lightbox ' data-onclick='12' title=''  itemprop=\"thumbnailUrl\" ><img  src='https:\/\/meierei-grube.de\/wp-content\/uploads\/2016\/02\/Unbenannt-1-495x400.jpg' width='495' height='400'  title='Unbenannt-1' alt='' \/><\/a><\/div><\/div><\/div><div class=\"flex_column av_one_half  flex_column_div av-zero-column-padding   \" style='border-radius:0px; '><section class=\"av_textblock_section \"  itemscope=\"itemscope\" itemtype=\"https:\/\/schema.org\/CreativeWork\" ><div class='avia_textblock  '   itemprop=\"text\" ><h1><strong>Exklusivanmietung<br \/>\nin der Meierei Grube:<\/strong><\/h1>\n<\/div><\/section><br \/>\n<article class=\"iconbox iconbox_left    \"  itemscope=\"itemscope\" itemtype=\"https:\/\/schema.org\/CreativeWork\" ><div class=\"iconbox_content\"><header class=\"entry-content-header\"><div class=\"iconbox_icon heading-color \" aria-hidden='true' data-av_icon='\ue82b' data-av_iconfont='entypo-fontello'  ><\/div><h3 class='iconbox_content_title '  itemprop=\"headline\"  >F\u00fcr Privat- und Firmenfeiern <\/h3><\/header><div class='iconbox_content_container  '  itemprop=\"text\"  ><p>Feiern Sie in einer Atmosph\u00e4re, die genauso einmalig ist wie Ihr Anlass.<\/p>\n<p>Ob Hochzeit, Geburtstag, Konfirmation oder Firmenevents &#8211;\u00a0in der MEIEREI GRUBE finden Sie das passende \u00a0Ambiente f\u00fcr Ihre individuelle Feier.<\/p>\n<p>Gerne \u00a0stehen wir Ihnen bei der Konzeption, Planung und Realisierung zur Seite!<\/p>\n<p>Wir freuen uns von Ihnen zu h\u00f6ren.<\/p>\n<p>Ihre\u00a0MEIEREI GRUBE<\/p>\n<\/div><\/div><footer class=\"entry-footer\"><\/footer><\/article><br \/>\n<article class=\"iconbox iconbox_left    \"  itemscope=\"itemscope\" itemtype=\"https:\/\/schema.org\/CreativeWork\" ><div class=\"iconbox_content\"><header class=\"entry-content-header\"><div class=\"iconbox_icon heading-color \" aria-hidden='true' data-av_icon='\ue8b7' data-av_iconfont='entypo-fontello'  ><\/div><h3 class='iconbox_content_title '  itemprop=\"headline\"  >Kontakt<\/h3><\/header><div class='iconbox_content_container  '  itemprop=\"text\"  ><p>Gerne stehen wir Ihnen f\u00fcr mehr Informationen und Reservierungen telefonisch oder per E-Mail zur Verf\u00fcgung.<\/p>\n<p>Tel:\u00a00171\/4165798<\/p>\n<p>E-Mail: info@meierei-grube.de<\/p>\n<\/div><\/div><footer class=\"entry-footer\"><\/footer><\/article><\/p><\/div><\/div><\/div><\/div><!-- close content main div --><\/div><\/div><div id='after_section_1' class='main_color av_default_container_wrap container_wrap sidebar_right'   ><div class='container' ><div class='template-page content  av-content-small alpha units'><div class='post-entry post-entry-type-page post-entry-734'><div class='entry-content-wrapper clearfix'><\/div><\/div><\/div><!-- close content main div --><\/div><\/div><div id='av-layout-grid-1' class='av-layout-grid-container entry-content-wrapper main_color av-flex-cells    container_wrap sidebar_right'   >\n<div class=\"flex_cell no_margin av_one_full   \" style='vertical-align:top; padding:30px; '><div class='flex_cell_inner' ><div class=\"flex_column av_one_full  flex_column_div av-zero-column-padding first  \" style='border-radius:0px; '><section class=\"av_textblock_section \"  itemscope=\"itemscope\" itemtype=\"https:\/\/schema.org\/CreativeWork\" ><div class='avia_textblock  '   itemprop=\"text\" ><h1 style=\"text-align: center;\"><strong>Unsere aktuellen Blog-Eintr\u00e4ge<\/strong><\/h1>\n<\/div><\/section><br \/>\n<div  data-autoplay=''  data-interval='5'  data-animation='fade'  data-show_slide_delay='90'  class='avia-content-slider avia-content-grid-active avia-content-slider1 avia-content-slider-even  '  itemscope=\"itemscope\" itemtype=\"https:\/\/schema.org\/Blog\" ><div class='avia-content-slider-inner'><div class='slide-entry-wrap'><article class='slide-entry flex_column  post-entry post-entry-3445 slide-entry-overview slide-loop-1 slide-parity-odd  av_one_half first real-thumbnail'  itemscope=\"itemscope\" itemtype=\"https:\/\/schema.org\/BlogPosting\" itemprop=\"blogPost\" ><a href='https:\/\/meierei-grube.de\/?p=3445' data-rel='slide-1' class='slide-image' title=''><img width=\"1000\" height=\"666\" src=\"https:\/\/meierei-grube.de\/wp-content\/uploads\/2016\/02\/Unbenannt-8.jpg\" class=\"attachment-no scaling size-no scaling wp-post-image\" alt=\"\" loading=\"lazy\" srcset=\"https:\/\/meierei-grube.de\/wp-content\/uploads\/2016\/02\/Unbenannt-8.jpg 1000w, https:\/\/meierei-grube.de\/wp-content\/uploads\/2016\/02\/Unbenannt-8-300x200.jpg 300w, https:\/\/meierei-grube.de\/wp-content\/uploads\/2016\/02\/Unbenannt-8-768x511.jpg 768w, https:\/\/meierei-grube.de\/wp-content\/uploads\/2016\/02\/Unbenannt-8-705x470.jpg 705w, https:\/\/meierei-grube.de\/wp-content\/uploads\/2016\/02\/Unbenannt-8-450x300.jpg 450w\" sizes=\"(max-width: 1000px) 100vw, 1000px\" \/><\/a><div class='slide-content'><header class=\"entry-content-header\"><h3 class='slide-entry-title entry-title'  itemprop=\"headline\" ><a href='https:\/\/meierei-grube.de\/?p=3445' title='Shootings'>Shootings<\/a><\/h3><span class=\"av-vertical-delimiter\"><\/span><\/header><div class='slide-meta'><div class='slide-meta-comments'><a href='https:\/\/meierei-grube.de\/?p=3445#respond'>0 Kommentare<\/a><\/div><div class='slide-meta-del'>\/<\/div><time class='slide-meta-time updated'  itemprop=\"datePublished\" datetime=\"2016-02-15T17:14:31+01:00\" >15. Februar 2016<\/time><\/div><div class='slide-entry-excerpt entry-content'  itemprop=\"text\" >Frische Luft, Tradition\u00a0und Loft kennzeichnen die Atmosph\u00e4re\u2026<div class=\"read-more-link\"><a href=\"https:\/\/meierei-grube.de\/?p=3445\" class=\"more-link\">Weiterlesen<span class=\"more-link-arrow\"><\/span><\/a><\/div><\/div><\/div><footer class=\"entry-footer\"><\/footer><span class='hidden'>\n\t\t\t<span class='av-structured-data'  itemprop=\"ImageObject\" itemscope=\"itemscope\" itemtype=\"https:\/\/schema.org\/ImageObject\"  itemprop='image'>\n\t\t\t\t\t   <span itemprop='url' >https:\/\/meierei-grube.de\/wp-content\/uploads\/2016\/02\/Unbenannt-8.jpg<\/span>\n\t\t\t\t\t   <span itemprop='height' >666<\/span>\n\t\t\t\t\t   <span itemprop='width' >1000<\/span>\n\t\t\t\t  <\/span><span class='av-structured-data'  itemprop=\"publisher\" itemtype=\"https:\/\/schema.org\/Organization\" itemscope=\"itemscope\" >\n\t\t\t\t<span itemprop='name'>corporateYLU7g<\/span>\n\t\t\t\t<span itemprop='logo' itemscope itemtype='http:\/\/schema.org\/ImageObject'>\n\t\t\t\t   <span itemprop='url'>https:\/\/meierei-grube.de\/wp-content\/uploads\/2016\/03\/Logo-Meierei-grube-Building-white-2-300x160.png<\/span>\n\t\t\t\t <\/span>\n\t\t\t  <\/span><span class='av-structured-data'  itemprop=\"author\" itemscope=\"itemscope\" itemtype=\"https:\/\/schema.org\/Person\" ><span itemprop='name'>corporateYLU7g<\/span><\/span><span class='av-structured-data'  itemprop=\"datePublished\" datetime=\"2016-01-14T13:13:53+01:00\" >2016-02-15 17:14:31<\/span><span class='av-structured-data'  itemprop=\"dateModified\" itemtype=\"https:\/\/schema.org\/dateModified\" >2016-03-16 11:27:41<\/span><span class='av-structured-data'  itemprop=\"mainEntityOfPage\" itemtype=\"https:\/\/schema.org\/mainEntityOfPage\" ><span itemprop='name'>Shootings<\/span><\/span><\/span><\/article><article class='slide-entry flex_column  post-entry post-entry-3371 slide-entry-overview slide-loop-2 slide-parity-even  av_one_half  real-thumbnail'  itemscope=\"itemscope\" itemtype=\"https:\/\/schema.org\/BlogPosting\" itemprop=\"blogPost\" ><a href='https:\/\/meierei-grube.de\/?p=3371' data-rel='slide-1' class='slide-image' title=''><img width=\"1000\" height=\"666\" src=\"https:\/\/meierei-grube.de\/wp-content\/uploads\/2016\/02\/Unbenannt-3.jpg\" class=\"attachment-no scaling size-no scaling wp-post-image\" alt=\"\" loading=\"lazy\" srcset=\"https:\/\/meierei-grube.de\/wp-content\/uploads\/2016\/02\/Unbenannt-3.jpg 1000w, https:\/\/meierei-grube.de\/wp-content\/uploads\/2016\/02\/Unbenannt-3-300x200.jpg 300w, https:\/\/meierei-grube.de\/wp-content\/uploads\/2016\/02\/Unbenannt-3-768x511.jpg 768w, https:\/\/meierei-grube.de\/wp-content\/uploads\/2016\/02\/Unbenannt-3-705x470.jpg 705w, https:\/\/meierei-grube.de\/wp-content\/uploads\/2016\/02\/Unbenannt-3-450x300.jpg 450w\" sizes=\"(max-width: 1000px) 100vw, 1000px\" \/><\/a><div class='slide-content'><header class=\"entry-content-header\"><h3 class='slide-entry-title entry-title'  itemprop=\"headline\" ><a href='https:\/\/meierei-grube.de\/?p=3371' title='Sie planen ein Event f\u00fcr Ihre Kunden, Mitarbeiter oder Freunde?'>Sie planen ein Event f\u00fcr Ihre Kunden, Mitarbeiter oder Freunde?<\/a><\/h3><span class=\"av-vertical-delimiter\"><\/span><\/header><div class='slide-meta'><div class='slide-meta-comments'><a href='https:\/\/meierei-grube.de\/?p=3371#respond'>0 Kommentare<\/a><\/div><div class='slide-meta-del'>\/<\/div><time class='slide-meta-time updated'  itemprop=\"datePublished\" datetime=\"2016-02-15T00:36:15+01:00\" >15. Februar 2016<\/time><\/div><div class='slide-entry-excerpt entry-content'  itemprop=\"text\" >Die MEIEREI GRUBE kann Ihnen R\u00e4umlichkeiten von 40 bis 200 Personen\u2026<div class=\"read-more-link\"><a href=\"https:\/\/meierei-grube.de\/?p=3371\" class=\"more-link\">Weiterlesen<span class=\"more-link-arrow\"><\/span><\/a><\/div><\/div><\/div><footer class=\"entry-footer\"><\/footer><span class='hidden'>\n\t\t\t<span class='av-structured-data'  itemprop=\"ImageObject\" itemscope=\"itemscope\" itemtype=\"https:\/\/schema.org\/ImageObject\"  itemprop='image'>\n\t\t\t\t\t   <span itemprop='url' >https:\/\/meierei-grube.de\/wp-content\/uploads\/2016\/02\/Unbenannt-3.jpg<\/span>\n\t\t\t\t\t   <span itemprop='height' >666<\/span>\n\t\t\t\t\t   <span itemprop='width' >1000<\/span>\n\t\t\t\t  <\/span><span class='av-structured-data'  itemprop=\"publisher\" itemtype=\"https:\/\/schema.org\/Organization\" itemscope=\"itemscope\" >\n\t\t\t\t<span itemprop='name'>corporateYLU7g<\/span>\n\t\t\t\t<span itemprop='logo' itemscope itemtype='http:\/\/schema.org\/ImageObject'>\n\t\t\t\t   <span itemprop='url'>https:\/\/meierei-grube.de\/wp-content\/uploads\/2016\/03\/Logo-Meierei-grube-Building-white-2-300x160.png<\/span>\n\t\t\t\t <\/span>\n\t\t\t  <\/span><span class='av-structured-data'  itemprop=\"author\" itemscope=\"itemscope\" itemtype=\"https:\/\/schema.org\/Person\" ><span itemprop='name'>corporateYLU7g<\/span><\/span><span class='av-structured-data'  itemprop=\"datePublished\" datetime=\"2016-01-14T13:13:53+01:00\" >2016-02-15 00:36:15<\/span><span class='av-structured-data'  itemprop=\"dateModified\" itemtype=\"https:\/\/schema.org\/dateModified\" >2016-03-16 11:22:31<\/span><span class='av-structured-data'  itemprop=\"mainEntityOfPage\" itemtype=\"https:\/\/schema.org\/mainEntityOfPage\" ><span itemprop='name'>Sie planen ein Event f\u00fcr Ihre Kunden, Mitarbeiter oder Freunde?<\/span><\/span><\/span><\/article><\/div><div class='slide-entry-wrap'><article class='slide-entry flex_column  post-entry post-entry-296 slide-entry-overview slide-loop-3 slide-parity-odd  av_one_half first real-thumbnail'  itemscope=\"itemscope\" itemtype=\"https:\/\/schema.org\/BlogPosting\" itemprop=\"blogPost\" ><a href='https:\/\/meierei-grube.de\/?p=296' data-rel='slide-1' class='slide-image' title=''><img width=\"1000\" height=\"987\" src=\"https:\/\/meierei-grube.de\/wp-content\/uploads\/2013\/04\/room4-1.jpg\" class=\"attachment-no scaling size-no scaling wp-post-image\" alt=\"\" loading=\"lazy\" srcset=\"https:\/\/meierei-grube.de\/wp-content\/uploads\/2013\/04\/room4-1.jpg 1000w, https:\/\/meierei-grube.de\/wp-content\/uploads\/2013\/04\/room4-1-80x80.jpg 80w, https:\/\/meierei-grube.de\/wp-content\/uploads\/2013\/04\/room4-1-300x296.jpg 300w, https:\/\/meierei-grube.de\/wp-content\/uploads\/2013\/04\/room4-1-768x758.jpg 768w, https:\/\/meierei-grube.de\/wp-content\/uploads\/2013\/04\/room4-1-36x36.jpg 36w, https:\/\/meierei-grube.de\/wp-content\/uploads\/2013\/04\/room4-1-705x696.jpg 705w, https:\/\/meierei-grube.de\/wp-content\/uploads\/2013\/04\/room4-1-450x444.jpg 450w\" sizes=\"(max-width: 1000px) 100vw, 1000px\" \/><\/a><div class='slide-content'><header class=\"entry-content-header\"><h3 class='slide-entry-title entry-title'  itemprop=\"headline\" ><a href='https:\/\/meierei-grube.de\/?p=296' title='Exklusivanmietung f\u00fcr Firmenevents'>Exklusivanmietung f\u00fcr Firmenevents<\/a><\/h3><span class=\"av-vertical-delimiter\"><\/span><\/header><div class='slide-meta'><div class='slide-meta-comments'><a href='https:\/\/meierei-grube.de\/?p=296#respond'>0 Kommentare<\/a><\/div><div class='slide-meta-del'>\/<\/div><time class='slide-meta-time updated'  itemprop=\"datePublished\" datetime=\"2016-02-14T00:00:25+01:00\" >14. Februar 2016<\/time><\/div><div class='slide-entry-excerpt entry-content'  itemprop=\"text\" >Ihr Unternehmen feiert in K\u00fcrze Jubil\u00e4um, Sie m\u00f6chten zur\u2026<div class=\"read-more-link\"><a href=\"https:\/\/meierei-grube.de\/?p=296\" class=\"more-link\">Weiterlesen<span class=\"more-link-arrow\"><\/span><\/a><\/div><\/div><\/div><footer class=\"entry-footer\"><\/footer><span class='hidden'>\n\t\t\t<span class='av-structured-data'  itemprop=\"ImageObject\" itemscope=\"itemscope\" itemtype=\"https:\/\/schema.org\/ImageObject\"  itemprop='image'>\n\t\t\t\t\t   <span itemprop='url' >https:\/\/meierei-grube.de\/wp-content\/uploads\/2013\/04\/room4-1.jpg<\/span>\n\t\t\t\t\t   <span itemprop='height' >987<\/span>\n\t\t\t\t\t   <span itemprop='width' >1000<\/span>\n\t\t\t\t  <\/span><span class='av-structured-data'  itemprop=\"publisher\" itemtype=\"https:\/\/schema.org\/Organization\" itemscope=\"itemscope\" >\n\t\t\t\t<span itemprop='name'>corporateYLU7g<\/span>\n\t\t\t\t<span itemprop='logo' itemscope itemtype='http:\/\/schema.org\/ImageObject'>\n\t\t\t\t   <span itemprop='url'>https:\/\/meierei-grube.de\/wp-content\/uploads\/2016\/03\/Logo-Meierei-grube-Building-white-2-300x160.png<\/span>\n\t\t\t\t <\/span>\n\t\t\t  <\/span><span class='av-structured-data'  itemprop=\"author\" itemscope=\"itemscope\" itemtype=\"https:\/\/schema.org\/Person\" ><span itemprop='name'>corporateYLU7g<\/span><\/span><span class='av-structured-data'  itemprop=\"datePublished\" datetime=\"2016-01-14T13:13:53+01:00\" >2016-02-14 00:00:25<\/span><span class='av-structured-data'  itemprop=\"dateModified\" itemtype=\"https:\/\/schema.org\/dateModified\" >2016-03-16 11:27:54<\/span><span class='av-structured-data'  itemprop=\"mainEntityOfPage\" itemtype=\"https:\/\/schema.org\/mainEntityOfPage\" ><span itemprop='name'>Exklusivanmietung f\u00fcr Firmenevents<\/span><\/span><\/span><\/article><article class='slide-entry flex_column  post-entry post-entry-282 slide-entry-overview slide-loop-4 slide-parity-even  post-entry-last  av_one_half  real-thumbnail'  itemscope=\"itemscope\" itemtype=\"https:\/\/schema.org\/BlogPosting\" itemprop=\"blogPost\" ><a href='https:\/\/meierei-grube.de\/?p=282' data-rel='slide-1' class='slide-image' title=''><img width=\"1500\" height=\"1000\" src=\"https:\/\/meierei-grube.de\/wp-content\/uploads\/2016\/02\/Hintergrund-meierei-1.jpg\" class=\"attachment-no scaling size-no scaling wp-post-image\" alt=\"\" loading=\"lazy\" srcset=\"https:\/\/meierei-grube.de\/wp-content\/uploads\/2016\/02\/Hintergrund-meierei-1.jpg 1500w, https:\/\/meierei-grube.de\/wp-content\/uploads\/2016\/02\/Hintergrund-meierei-1-300x200.jpg 300w, https:\/\/meierei-grube.de\/wp-content\/uploads\/2016\/02\/Hintergrund-meierei-1-768x512.jpg 768w, https:\/\/meierei-grube.de\/wp-content\/uploads\/2016\/02\/Hintergrund-meierei-1-1030x687.jpg 1030w, https:\/\/meierei-grube.de\/wp-content\/uploads\/2016\/02\/Hintergrund-meierei-1-705x470.jpg 705w, https:\/\/meierei-grube.de\/wp-content\/uploads\/2016\/02\/Hintergrund-meierei-1-450x300.jpg 450w\" sizes=\"(max-width: 1500px) 100vw, 1500px\" \/><\/a><div class='slide-content'><header class=\"entry-content-header\"><h3 class='slide-entry-title entry-title'  itemprop=\"headline\" ><a href='https:\/\/meierei-grube.de\/?p=282' title='Exklusivanmietung f\u00fcr Privatfeiern'>Exklusivanmietung f\u00fcr Privatfeiern<\/a><\/h3><span class=\"av-vertical-delimiter\"><\/span><\/header><div class='slide-meta'><div class='slide-meta-comments'><a href='https:\/\/meierei-grube.de\/?p=282#respond'>0 Kommentare<\/a><\/div><div class='slide-meta-del'>\/<\/div><time class='slide-meta-time updated'  itemprop=\"datePublished\" datetime=\"2016-01-14T13:13:53+01:00\" >14. Januar 2016<\/time><\/div><div class='slide-entry-excerpt entry-content'  itemprop=\"text\" >Einzigartige Events mit dem Blick f\u00fcrs Detail\r\n\r\nSie sind auf\u2026<div class=\"read-more-link\"><a href=\"https:\/\/meierei-grube.de\/?p=282\" class=\"more-link\">Weiterlesen<span class=\"more-link-arrow\"><\/span><\/a><\/div><\/div><\/div><footer class=\"entry-footer\"><\/footer><span class='hidden'>\n\t\t\t<span class='av-structured-data'  itemprop=\"ImageObject\" itemscope=\"itemscope\" itemtype=\"https:\/\/schema.org\/ImageObject\"  itemprop='image'>\n\t\t\t\t\t   <span itemprop='url' >https:\/\/meierei-grube.de\/wp-content\/uploads\/2016\/02\/Hintergrund-meierei-1.jpg<\/span>\n\t\t\t\t\t   <span itemprop='height' >1000<\/span>\n\t\t\t\t\t   <span itemprop='width' >1500<\/span>\n\t\t\t\t  <\/span><span class='av-structured-data'  itemprop=\"publisher\" itemtype=\"https:\/\/schema.org\/Organization\" itemscope=\"itemscope\" >\n\t\t\t\t<span itemprop='name'>corporateYLU7g<\/span>\n\t\t\t\t<span itemprop='logo' itemscope itemtype='http:\/\/schema.org\/ImageObject'>\n\t\t\t\t   <span itemprop='url'>https:\/\/meierei-grube.de\/wp-content\/uploads\/2016\/03\/Logo-Meierei-grube-Building-white-2-300x160.png<\/span>\n\t\t\t\t <\/span>\n\t\t\t  <\/span><span class='av-structured-data'  itemprop=\"author\" itemscope=\"itemscope\" itemtype=\"https:\/\/schema.org\/Person\" ><span itemprop='name'>corporateYLU7g<\/span><\/span><span class='av-structured-data'  itemprop=\"datePublished\" datetime=\"2016-01-14T13:13:53+01:00\" >2016-01-14 13:13:53<\/span><span class='av-structured-data'  itemprop=\"dateModified\" itemtype=\"https:\/\/schema.org\/dateModified\" >2016-03-16 11:28:14<\/span><span class='av-structured-data'  itemprop=\"mainEntityOfPage\" itemtype=\"https:\/\/schema.org\/mainEntityOfPage\" ><span itemprop='name'>Exklusivanmietung f\u00fcr Privatfeiern<\/span><\/span><\/span><\/article><\/div><\/div><\/div><\/p><\/div>\n<\/div><\/div>\n<\/div><\/p>\n<div class=\"flex_column av_one_full  flex_column_div av-zero-column-padding first  \" style='border-radius:0px; '><\/div>\n","protected":false},"excerpt":{"rendered":"<p>This is a Page excerpt. It will be displayed for search results<\/p>\n","protected":false},"author":2,"featured_media":0,"parent":0,"menu_order":0,"comment_status":"open","ping_status":"open","template":"","meta":[],"_links":{"self":[{"href":"https:\/\/meierei-grube.de\/index.php?rest_route=\/wp\/v2\/pages\/734"}],"collection":[{"href":"https:\/\/meierei-grube.de\/index.php?rest_route=\/wp\/v2\/pages"}],"about":[{"href":"https:\/\/meierei-grube.de\/index.php?rest_route=\/wp\/v2\/types\/page"}],"author":[{"embeddable":true,"href":"https:\/\/meierei-grube.de\/index.php?rest_route=\/wp\/v2\/users\/2"}],"replies":[{"embeddable":true,"href":"https:\/\/meierei-grube.de\/index.php?rest_route=%2Fwp%2Fv2%2Fcomments&post=734"}],"version-history":[{"count":68,"href":"https:\/\/meierei-grube.de\/index.php?rest_route=\/wp\/v2\/pages\/734\/revisions"}],"predecessor-version":[{"id":3575,"href":"https:\/\/meierei-grube.de\/index.php?rest_route=\/wp\/v2\/pages\/734\/revisions\/3575"}],"wp:attachment":[{"href":"https:\/\/meierei-grube.de\/index.php?rest_route=%2Fwp%2Fv2%2Fmedia&parent=734"}],"curies":[{"name":"wp","href":"https:\/\/api.w.org\/{rel}","templated":true}]}}